{"id":97,"date":"2022-07-10T18:57:03","date_gmt":"2022-07-10T22:57:03","guid":{"rendered":"https:\/\/fnzambra.com\/cl\/?page_id=97"},"modified":"2023-03-22T16:59:50","modified_gmt":"2023-03-22T19:59:50","slug":"acerca-de","status":"publish","type":"page","link":"https:\/\/www.fnzambra.com\/cl\/acerca-de\/","title":{"rendered":"Acerca de"},"content":{"rendered":"\t\t<div data-elementor-type=\"wp-page\" data-elementor-id=\"97\" class=\"elementor elementor-97\" data-elementor-post-type=\"page\">\n\t\t\t\t\t\t<section class=\"elementor-section elementor-top-section elementor-element elementor-element-6d1dc74 elementor-section-boxed elementor-section-height-default elementor-section-height-default\" data-id=\"6d1dc74\" data-element_type=\"section\" data-settings=\"{&quot;jet_parallax_layout_list&quot;:[]}\">\n\t\t\t\t\t\t<div class=\"elementor-container elementor-column-gap-default\">\n\t\t\t\t\t<div class=\"elementor-column elementor-col-100 elementor-top-column elementor-element elementor-element-69316e0\" data-id=\"69316e0\" data-element_type=\"column\">\n\t\t\t<div class=\"elementor-widget-wrap elementor-element-populated\">\n\t\t\t\t\t\t<div class=\"elementor-element elementor-element-9873c2b elementor-widget elementor-widget-spacer\" data-id=\"9873c2b\" data-element_type=\"widget\" data-widget_type=\"spacer.default\">\n\t\t\t\t<div class=\"elementor-widget-container\">\n\t\t\t\t\t<div class=\"elementor-spacer\">\n\t\t\t<div class=\"elementor-spacer-inner\"><\/div>\n\t\t<\/div>\n\t\t\t\t<\/div>\n\t\t\t\t<\/div>\n\t\t\t\t\t<\/div>\n\t\t<\/div>\n\t\t\t\t\t<\/div>\n\t\t<\/section>\n\t\t\t\t<section class=\"elementor-section elementor-top-section elementor-element elementor-element-66d903c elementor-section-boxed elementor-section-height-default elementor-section-height-default\" data-id=\"66d903c\" data-element_type=\"section\" data-settings=\"{&quot;jet_parallax_layout_list&quot;:[]}\">\n\t\t\t\t\t\t<div class=\"elementor-container elementor-column-gap-default\">\n\t\t\t\t\t<div class=\"elementor-column elementor-col-50 elementor-top-column elementor-element elementor-element-bf3273f\" data-id=\"bf3273f\" data-element_type=\"column\">\n\t\t\t<div class=\"elementor-widget-wrap elementor-element-populated\">\n\t\t\t\t\t\t<div class=\"elementor-element elementor-element-8b8a595 elementor-widget elementor-widget-image\" data-id=\"8b8a595\" data-element_type=\"widget\" data-widget_type=\"image.default\">\n\t\t\t\t<div class=\"elementor-widget-container\">\n\t\t\t\t\t\t\t\t\t\t\t\t\t<img fetchpriority=\"high\" decoding=\"async\" width=\"800\" height=\"506\" src=\"https:\/\/www.fnzambra.com\/cl\/wp-content\/uploads\/2023\/03\/acerca-de.webp\" class=\"attachment-large size-large wp-image-1325\" alt=\"\" srcset=\"https:\/\/www.fnzambra.com\/cl\/wp-content\/uploads\/2023\/03\/acerca-de.webp 1242w, https:\/\/www.fnzambra.com\/cl\/wp-content\/uploads\/2023\/03\/acerca-de-300x190.webp 300w, https:\/\/www.fnzambra.com\/cl\/wp-content\/uploads\/2023\/03\/acerca-de-768x485.webp 768w, https:\/\/www.fnzambra.com\/cl\/wp-content\/uploads\/2023\/03\/acerca-de-600x379.webp 600w\" sizes=\"(max-width: 800px) 100vw, 800px\" \/>\t\t\t\t\t\t\t\t\t\t\t\t\t<\/div>\n\t\t\t\t<\/div>\n\t\t\t\t\t<\/div>\n\t\t<\/div>\n\t\t\t\t<div class=\"elementor-column elementor-col-50 elementor-top-column elementor-element elementor-element-4ef5314\" data-id=\"4ef5314\" data-element_type=\"column\">\n\t\t\t<div class=\"elementor-widget-wrap elementor-element-populated\">\n\t\t\t\t\t\t<div class=\"elementor-element elementor-element-a1bcb7e elementor-widget elementor-widget-heading\" data-id=\"a1bcb7e\" data-element_type=\"widget\" data-widget_type=\"heading.default\">\n\t\t\t\t<div class=\"elementor-widget-container\">\n\t\t\t<h2 class=\"elementor-heading-title elementor-size-default\">Bienvenidos<\/h2>\t\t<\/div>\n\t\t\t\t<\/div>\n\t\t\t\t<div class=\"elementor-element elementor-element-12bc6e8 elementor-widget elementor-widget-spacer\" data-id=\"12bc6e8\" data-element_type=\"widget\" data-widget_type=\"spacer.default\">\n\t\t\t\t<div class=\"elementor-widget-container\">\n\t\t\t\t\t<div class=\"elementor-spacer\">\n\t\t\t<div class=\"elementor-spacer-inner\"><\/div>\n\t\t<\/div>\n\t\t\t\t<\/div>\n\t\t\t\t<\/div>\n\t\t\t\t<div class=\"elementor-element elementor-element-ffae266 elementor-widget elementor-widget-text-editor\" data-id=\"ffae266\" data-element_type=\"widget\" data-widget_type=\"text-editor.default\">\n\t\t\t\t<div class=\"elementor-widget-container\">\n\t\t\t\t\t\t\t<p>Estudio fnzambra[dot ]com se especializa en ayudar a las empresas a impulsar el crecimiento en l\u00ednea y aumentar su visibilidad digital mediante tecnicas de SEM y SEO. Con un profundo conocimiento de los \u00faltimos algoritmos de motores de b\u00fasqueda y las mejores pr\u00e1cticas, brindamos resultados medibles para nuestros clientes.<\/p><p>Especializado en SEM y SEO trabajamos en estrecha colaboraci\u00f3n con cada cliente para comprender sus objetivos comerciales \u00fanicos y dise\u00f1ar una estrategia personalizada para lograr esos objetivos.<\/p>\t\t\t\t\t\t<\/div>\n\t\t\t\t<\/div>\n\t\t\t\t\t<\/div>\n\t\t<\/div>\n\t\t\t\t\t<\/div>\n\t\t<\/section>\n\t\t\t\t<section class=\"elementor-section elementor-top-section elementor-element elementor-element-ccd9d94 elementor-section-boxed elementor-section-height-default elementor-section-height-default\" data-id=\"ccd9d94\" data-element_type=\"section\" data-settings=\"{&quot;jet_parallax_layout_list&quot;:[]}\">\n\t\t\t\t\t\t<div class=\"elementor-container elementor-column-gap-default\">\n\t\t\t\t\t<div class=\"elementor-column elementor-col-100 elementor-top-column elementor-element elementor-element-c830cef\" data-id=\"c830cef\" data-element_type=\"column\">\n\t\t\t<div class=\"elementor-widget-wrap elementor-element-populated\">\n\t\t\t\t\t\t<div class=\"elementor-element elementor-element-c932b1f elementor-widget elementor-widget-spacer\" data-id=\"c932b1f\" data-element_type=\"widget\" data-widget_type=\"spacer.default\">\n\t\t\t\t<div class=\"elementor-widget-container\">\n\t\t\t\t\t<div class=\"elementor-spacer\">\n\t\t\t<div class=\"elementor-spacer-inner\"><\/div>\n\t\t<\/div>\n\t\t\t\t<\/div>\n\t\t\t\t<\/div>\n\t\t\t\t\t<\/div>\n\t\t<\/div>\n\t\t\t\t\t<\/div>\n\t\t<\/section>\n\t\t\t\t<section class=\"elementor-section elementor-top-section elementor-element elementor-element-96d16e6 elementor-section-boxed elementor-section-height-default elementor-section-height-default\" data-id=\"96d16e6\" data-element_type=\"section\" data-settings=\"{&quot;jet_parallax_layout_list&quot;:[]}\">\n\t\t\t\t\t\t<div class=\"elementor-container elementor-column-gap-default\">\n\t\t\t\t\t<div class=\"elementor-column elementor-col-50 elementor-top-column elementor-element elementor-element-247bd95\" data-id=\"247bd95\" data-element_type=\"column\">\n\t\t\t<div class=\"elementor-widget-wrap elementor-element-populated\">\n\t\t\t\t\t\t<div class=\"elementor-element elementor-element-c796528 elementor-widget elementor-widget-text-editor\" data-id=\"c796528\" data-element_type=\"widget\" data-widget_type=\"text-editor.default\">\n\t\t\t\t<div class=\"elementor-widget-container\">\n\t\t\t\t\t\t\t<p>Adoptando un enfoque basado en datos, utilizando las \u00faltimas herramientas y tecnolog\u00edas para identificar las palabras clave m\u00e1s efectivas y las audiencias objetivo, monitoreando y optimizamos continuamente las campa\u00f1as para obtener el m\u00e1ximo ROI.<\/p><p>Ya sea que sea un emprendimiento, una peque\u00f1a empresa que reci\u00e9n comienza o una pyme que busca aumentar su presencia en l\u00ednea, tenemos el conocimiento y la experiencia para ayudarte a tener \u00e9xito.<\/p>\t\t\t\t\t\t<\/div>\n\t\t\t\t<\/div>\n\t\t\t\t<div class=\"elementor-element elementor-element-b1559ee elementor-blockquote--skin-border elementor-blockquote--button-color-official elementor-widget elementor-widget-blockquote\" data-id=\"b1559ee\" data-element_type=\"widget\" data-widget_type=\"blockquote.default\">\n\t\t\t\t<div class=\"elementor-widget-container\">\n\t\t\t\t\t<blockquote class=\"elementor-blockquote\">\n\t\t\t<p class=\"elementor-blockquote__content\">\n\t\t\t\tEstamos felices de poder trabajar contigo y darle un gran impulso a tu trabajo.\t\t\t<\/p>\n\t\t\t\t\t\t\t<div class=\"e-q-footer\">\n\t\t\t\t\t\t\t\t\t\t\t<cite class=\"elementor-blockquote__author\">Felipe N. Zambra<\/cite>\n\t\t\t\t\t\t\t\t\t\t\t\t\t\t<\/div>\n\t\t\t\t\t<\/blockquote>\n\t\t\t\t<\/div>\n\t\t\t\t<\/div>\n\t\t\t\t\t<\/div>\n\t\t<\/div>\n\t\t\t\t<div class=\"elementor-column elementor-col-50 elementor-top-column elementor-element elementor-element-0526863\" data-id=\"0526863\" data-element_type=\"column\">\n\t\t\t<div class=\"elementor-widget-wrap elementor-element-populated\">\n\t\t\t\t\t\t<div class=\"elementor-element elementor-element-e2865d5 elementor-widget elementor-widget-progress\" data-id=\"e2865d5\" data-element_type=\"widget\" data-widget_type=\"progress.default\">\n\t\t\t\t<div class=\"elementor-widget-container\">\n\t\t\t\t\t\t<span class=\"elementor-title\" id=\"elementor-progress-bar-e2865d5\">\n\t\t\t\tPosicionamiento Web\t\t\t<\/span>\n\t\t\n\t\t<div aria-labelledby=\"elementor-progress-bar-e2865d5\" class=\"elementor-progress-wrapper\" role=\"progressbar\" aria-valuemin=\"0\" aria-valuemax=\"100\" aria-valuenow=\"95\">\n\t\t\t<div class=\"elementor-progress-bar\" data-max=\"95\">\n\t\t\t\t<span class=\"elementor-progress-text\"><\/span>\n\t\t\t\t\t\t\t\t\t<span class=\"elementor-progress-percentage\">95%<\/span>\n\t\t\t\t\t\t\t<\/div>\n\t\t<\/div>\n\t\t\t\t<\/div>\n\t\t\t\t<\/div>\n\t\t\t\t<div class=\"elementor-element elementor-element-b83ec92 elementor-widget elementor-widget-progress\" data-id=\"b83ec92\" data-element_type=\"widget\" data-widget_type=\"progress.default\">\n\t\t\t\t<div class=\"elementor-widget-container\">\n\t\t\t\t\t\t<span class=\"elementor-title\" id=\"elementor-progress-bar-b83ec92\">\n\t\t\t\tMarketing de Contenido\t\t\t<\/span>\n\t\t\n\t\t<div aria-labelledby=\"elementor-progress-bar-b83ec92\" class=\"elementor-progress-wrapper\" role=\"progressbar\" aria-valuemin=\"0\" aria-valuemax=\"100\" aria-valuenow=\"90\">\n\t\t\t<div class=\"elementor-progress-bar\" data-max=\"90\">\n\t\t\t\t<span class=\"elementor-progress-text\"><\/span>\n\t\t\t\t\t\t\t\t\t<span class=\"elementor-progress-percentage\">90%<\/span>\n\t\t\t\t\t\t\t<\/div>\n\t\t<\/div>\n\t\t\t\t<\/div>\n\t\t\t\t<\/div>\n\t\t\t\t<div class=\"elementor-element elementor-element-7452025 elementor-widget elementor-widget-progress\" data-id=\"7452025\" data-element_type=\"widget\" data-widget_type=\"progress.default\">\n\t\t\t\t<div class=\"elementor-widget-container\">\n\t\t\t\t\t\t<span class=\"elementor-title\" id=\"elementor-progress-bar-7452025\">\n\t\t\t\tSocial Media\t\t\t<\/span>\n\t\t\n\t\t<div aria-labelledby=\"elementor-progress-bar-7452025\" class=\"elementor-progress-wrapper\" role=\"progressbar\" aria-valuemin=\"0\" aria-valuemax=\"100\" aria-valuenow=\"88\">\n\t\t\t<div class=\"elementor-progress-bar\" data-max=\"88\">\n\t\t\t\t<span class=\"elementor-progress-text\"><\/span>\n\t\t\t\t\t\t\t\t\t<span class=\"elementor-progress-percentage\">88%<\/span>\n\t\t\t\t\t\t\t<\/div>\n\t\t<\/div>\n\t\t\t\t<\/div>\n\t\t\t\t<\/div>\n\t\t\t\t<div class=\"elementor-element elementor-element-bf2622e elementor-widget elementor-widget-progress\" data-id=\"bf2622e\" data-element_type=\"widget\" data-widget_type=\"progress.default\">\n\t\t\t\t<div class=\"elementor-widget-container\">\n\t\t\t\t\t\t<span class=\"elementor-title\" id=\"elementor-progress-bar-bf2622e\">\n\t\t\t\tDesarrollo Web\t\t\t<\/span>\n\t\t\n\t\t<div aria-labelledby=\"elementor-progress-bar-bf2622e\" class=\"elementor-progress-wrapper\" role=\"progressbar\" aria-valuemin=\"0\" aria-valuemax=\"100\" aria-valuenow=\"95\">\n\t\t\t<div class=\"elementor-progress-bar\" data-max=\"95\">\n\t\t\t\t<span class=\"elementor-progress-text\"><\/span>\n\t\t\t\t\t\t\t\t\t<span class=\"elementor-progress-percentage\">95%<\/span>\n\t\t\t\t\t\t\t<\/div>\n\t\t<\/div>\n\t\t\t\t<\/div>\n\t\t\t\t<\/div>\n\t\t\t\t\t<\/div>\n\t\t<\/div>\n\t\t\t\t\t<\/div>\n\t\t<\/section>\n\t\t\t\t<section class=\"elementor-section elementor-top-section elementor-element elementor-element-d254414 elementor-section-boxed elementor-section-height-default elementor-section-height-default\" data-id=\"d254414\" data-element_type=\"section\" data-settings=\"{&quot;jet_parallax_layout_list&quot;:[]}\">\n\t\t\t\t\t\t<div class=\"elementor-container elementor-column-gap-default\">\n\t\t\t\t\t<div class=\"elementor-column elementor-col-100 elementor-top-column elementor-element elementor-element-38dafb3\" data-id=\"38dafb3\" data-element_type=\"column\">\n\t\t\t<div class=\"elementor-widget-wrap elementor-element-populated\">\n\t\t\t\t\t\t<div class=\"elementor-element elementor-element-fc88110 elementor-widget elementor-widget-spacer\" data-id=\"fc88110\" data-element_type=\"widget\" data-widget_type=\"spacer.default\">\n\t\t\t\t<div class=\"elementor-widget-container\">\n\t\t\t\t\t<div class=\"elementor-spacer\">\n\t\t\t<div class=\"elementor-spacer-inner\"><\/div>\n\t\t<\/div>\n\t\t\t\t<\/div>\n\t\t\t\t<\/div>\n\t\t\t\t\t<\/div>\n\t\t<\/div>\n\t\t\t\t\t<\/div>\n\t\t<\/section>\n\t\t\t\t<\/div>\n\t\t","protected":false},"excerpt":{"rendered":"<p>Bienvenidos Estudio fnzambra[dot ]com se especializa en ayudar a las empresas a impulsar el crecimiento en l\u00ednea y aumentar su visibilidad digital mediante tecnicas de SEM y SEO. Con un profundo conocimiento de los \u00faltimos algoritmos de motores de b\u00fasqueda y las mejores pr\u00e1cticas, brindamos resultados medibles para nuestros clientes. Especializado en SEM y SEO [&hellip;]<\/p>\n","protected":false},"author":1,"featured_media":0,"parent":0,"menu_order":6,"comment_status":"closed","ping_status":"closed","template":"","meta":{"rank_math_lock_modified_date":false,"footnotes":""},"class_list":["post-97","page","type-page","status-publish","hentry"],"_links":{"self":[{"href":"https:\/\/www.fnzambra.com\/cl\/wp-json\/wp\/v2\/pages\/97"}],"collection":[{"href":"https:\/\/www.fnzambra.com\/cl\/wp-json\/wp\/v2\/pages"}],"about":[{"href":"https:\/\/www.fnzambra.com\/cl\/wp-json\/wp\/v2\/types\/page"}],"author":[{"embeddable":true,"href":"https:\/\/www.fnzambra.com\/cl\/wp-json\/wp\/v2\/users\/1"}],"replies":[{"embeddable":true,"href":"https:\/\/www.fnzambra.com\/cl\/wp-json\/wp\/v2\/comments?post=97"}],"version-history":[{"count":0,"href":"https:\/\/www.fnzambra.com\/cl\/wp-json\/wp\/v2\/pages\/97\/revisions"}],"wp:attachment":[{"href":"https:\/\/www.fnzambra.com\/cl\/wp-json\/wp\/v2\/media?parent=97"}],"curies":[{"name":"wp","href":"https:\/\/api.w.org\/{rel}","templated":true}]}}