{"id":3,"date":"2022-06-24T00:42:03","date_gmt":"2022-06-24T04:42:03","guid":{"rendered":"https:\/\/fnzambra.com\/cl\/?page_id=3"},"modified":"2023-04-11T20:21:21","modified_gmt":"2023-04-12T00:21:21","slug":"politica-privacidad","status":"publish","type":"page","link":"https:\/\/www.fnzambra.com\/cl\/politica-privacidad\/","title":{"rendered":"Pol\u00edtica de privacidad"},"content":{"rendered":"\t\t<div data-elementor-type=\"wp-page\" data-elementor-id=\"3\" class=\"elementor elementor-3\" data-elementor-post-type=\"page\">\n\t\t\t\t\t\t<section class=\"elementor-section elementor-top-section elementor-element elementor-element-ad74e1e elementor-section-boxed elementor-section-height-default elementor-section-height-default\" data-id=\"ad74e1e\" data-element_type=\"section\" data-settings=\"{&quot;jet_parallax_layout_list&quot;:[]}\">\n\t\t\t\t\t\t<div class=\"elementor-container elementor-column-gap-default\">\n\t\t\t\t\t<div class=\"elementor-column elementor-col-33 elementor-top-column elementor-element elementor-element-43ff03e\" data-id=\"43ff03e\" data-element_type=\"column\">\n\t\t\t<div class=\"elementor-widget-wrap\">\n\t\t\t\t\t\t\t<\/div>\n\t\t<\/div>\n\t\t\t\t<div class=\"elementor-column elementor-col-33 elementor-top-column elementor-element elementor-element-fbb41a7\" data-id=\"fbb41a7\" data-element_type=\"column\">\n\t\t\t<div class=\"elementor-widget-wrap elementor-element-populated\">\n\t\t\t\t\t\t<div class=\"elementor-element elementor-element-9983ee4 elementor-widget elementor-widget-spacer\" data-id=\"9983ee4\" data-element_type=\"widget\" data-widget_type=\"spacer.default\">\n\t\t\t\t<div class=\"elementor-widget-container\">\n\t\t\t\t\t<div class=\"elementor-spacer\">\n\t\t\t<div class=\"elementor-spacer-inner\"><\/div>\n\t\t<\/div>\n\t\t\t\t<\/div>\n\t\t\t\t<\/div>\n\t\t\t\t<div class=\"elementor-element elementor-element-2b206e0 elementor-widget elementor-widget-heading\" data-id=\"2b206e0\" data-element_type=\"widget\" data-widget_type=\"heading.default\">\n\t\t\t\t<div class=\"elementor-widget-container\">\n\t\t\t<h1 class=\"elementor-heading-title elementor-size-default\">Pol\u00edtica de Privacidad<\/h1>\t\t<\/div>\n\t\t\t\t<\/div>\n\t\t\t\t<div class=\"elementor-element elementor-element-fe1578f elementor-widget elementor-widget-spacer\" data-id=\"fe1578f\" data-element_type=\"widget\" data-widget_type=\"spacer.default\">\n\t\t\t\t<div class=\"elementor-widget-container\">\n\t\t\t\t\t<div class=\"elementor-spacer\">\n\t\t\t<div class=\"elementor-spacer-inner\"><\/div>\n\t\t<\/div>\n\t\t\t\t<\/div>\n\t\t\t\t<\/div>\n\t\t\t\t<div class=\"elementor-element elementor-element-d2d6dd9 elementor-widget elementor-widget-text-editor\" data-id=\"d2d6dd9\" data-element_type=\"widget\" data-widget_type=\"text-editor.default\">\n\t\t\t\t<div class=\"elementor-widget-container\">\n\t\t\t\t\t\t\t<p>Tu privacidad es muy importante. Por eso se a desarrollado una Pol\u00edtica de Privacidad que describe c\u00f3mo se recopilan, utilizan, revelan, transfieren y almacenan tus datos.<\/p>\t\t\t\t\t\t<\/div>\n\t\t\t\t<\/div>\n\t\t\t\t<div class=\"elementor-element elementor-element-3d36832 elementor-widget-divider--view-line elementor-widget elementor-widget-divider\" data-id=\"3d36832\" data-element_type=\"widget\" data-widget_type=\"divider.default\">\n\t\t\t\t<div class=\"elementor-widget-container\">\n\t\t\t\t\t<div class=\"elementor-divider\">\n\t\t\t<span class=\"elementor-divider-separator\">\n\t\t\t\t\t\t<\/span>\n\t\t<\/div>\n\t\t\t\t<\/div>\n\t\t\t\t<\/div>\n\t\t\t\t<div class=\"elementor-element elementor-element-81f61d7 elementor-widget elementor-widget-text-editor\" data-id=\"81f61d7\" data-element_type=\"widget\" data-widget_type=\"text-editor.default\">\n\t\t\t\t<div class=\"elementor-widget-container\">\n\t\t\t\t\t\t\tLa presente Pol\u00edtica de Privacidad regula tanto el tratamiento de datos de car\u00e1cter personal que <strong class=\"desc\">fnzambra[dot]com<\/strong> realiza en calidad de responsable del tratamiento, como el r\u00e9gimen de protecci\u00f3n de datos aplicable a los servicios prestados por <strong class=\"desc\">fnzambra[dot]com<\/strong>\u00a0cuando act\u00faa en calidad de encargada del tratamiento de los datos que los usuarios tratan en sus servicios.<\/br><\/br>\n\nEn ambos casos, tanto si <strong class=\"desc\">fnzambra[dot]com<\/strong>\u00a0act\u00faa como responsable o como encargado del tratamiento, se cumple estrictamente con las exigencias de la normativa vigente en materia de protecci\u00f3n de datos personales, y se mantiene un absoluto respeto por los datos y privacidad de los usuarios.<\/br><\/br>\n\nEsta Pol\u00edtica es permanentemente accesible a trav\u00e9s del enlace habilitado en el sitio web, denominado \u201cPol\u00edtica de Privacidad\u201d, y puede actualizarse en cualquier momento, bien como consecuencia de un cambio normativo o bien por modificarse la configuraci\u00f3n de los servicios o el tipo de negocio desarrollado. Las modificaciones que impliquen cambios en la prestaci\u00f3n del servicio contratado, o requieran del consentimiento de los interesados, se comunicar\u00e1n con una antelaci\u00f3n de treinta d\u00edas\u00a0 para que los interesados puedan manifestar su oposici\u00f3n al tratamiento de sus datos seg\u00fan el cambio descrito, o para que los clientes puedan adoptar las medidas que estimen oportunas en relaci\u00f3n a la modificaci\u00f3n comunicada. Si transcurrido el plazo proporcionado el usuario accede de nuevo s sus servicios o no comunica su oposici\u00f3n, se entender\u00e1n aceptadas las nuevas condiciones.<\/br><\/br>\n\n<strong class=\"desc\">fnzambra[dot]com<\/strong> trata los datos de forma leal y l\u00edcita; \u00fanicamente trata aquellos datos que considera adecuados, pertinentes y no excesivos en relaci\u00f3n con el \u00e1mbito y las finalidades determinadas, expl\u00edcitas y leg\u00edtimas para las que los obtiene, y no los utiliza para finalidades incompatibles con aquellas para las que los datos han sido recogidos.<\/br><\/br>\n\nLos usuarios del sitio web <strong class=\"desc\">fnzambra[dot]com<\/strong> (en adelante, los clientes) son responsables de la <b class=\"desc\">veracidad y actualidad<\/b> de los datos que proporcionan a <strong class=\"desc\">fnzambra[dot]com<\/strong>, consider\u00e1ndose exactos y actuales los datos facilitados por ellos mismos. Los clientes pueden modificar y\/o actualizar sus datos, y sus preferencias sobre el tratamiento de los datos facilitados, a trav\u00e9s de la configuraci\u00f3n de las opciones que se encuentran disponibles en el \u201c\u00c1rea Cliente\u201d.<\/br><\/br>\n\nPara acceder y\/o navegar por el sitio web de <strong class=\"desc\">fnzambra[dot]com<\/strong> no es necesario aportar ning\u00fan dato.<\/br><\/br>\n\nEl car\u00e1cter\u00a0<b class=\"desc\">obligatorio<\/b>\u00a0de la respuesta a las preguntas que se plantean, o de los datos que se solicitan a trav\u00e9s del sitio web, se indica mediante la incorporaci\u00f3n de un asterisco (*) a continuaci\u00f3n de la pregunta o campo del formulario. En caso de no proporcionarse los datos requeridos no ser\u00e1 posible prestar el servicio o funcionalidad solicitados.<\/br><\/br>\n\n<strong class=\"desc\">fnzambra[dot]com<\/strong> \u00fanicamente tratar\u00e1 los datos personales proporcionados por los clientes de conformidad con las finalidades descritas en esta Pol\u00edtica y en las Condiciones Generales de Contrataci\u00f3n de los servicios contratados por los usuarios, las cuales se enumeran con car\u00e1cter meramente enunciativo a continuaci\u00f3n:<\/br><\/br>\n\n<b class=\"desc\">Clientes<\/b>: los datos se utilizan con la finalidad de gestionar la cuenta y servicios contratados por los clientes, tanto a nivel t\u00e9cnico como a nivel contable, fiscal o administrativo, y\/o para notificarles incidencias, novedades o cualquier informaci\u00f3n de inter\u00e9s sobre sus servicios.<\/br><\/br>\n\n<strong class=\"desc\">fnzambra[dot]com<\/strong> utiliza los datos de contacto proporcionados por los clientes para enviarles, por medios electr\u00f3nicos, informaci\u00f3n sobre las mejoras que va implementando en los servicios que estos han contratado, y para mantenerles informados sobre las novedades que considera que pueden ser de su inter\u00e9s (ofertas y promociones). <strong class=\"desc\">fnzambra[dot]com<\/strong> es absolutamente contraria a la pr\u00e1ctica del <strong>spamming<\/strong>: el usuario es quien decide y autoriza- si quiere recibir o no este tipo de comunicaciones, bien al registrarse como cliente en <strong class=\"desc\">fnzambra[dot]com<\/strong> y, por tanto, aceptando las\u00a0 Condiciones Generales de <strong class=\"desc\">fnzambra[dot]com<\/strong> y la presente Pol\u00edtica, o bien al solicitar informaci\u00f3n de este tipo por cualquiera de los medios de contacto previstos en la web.<\/br><\/br>\n\n<b class=\"desc\">Sugerencias y\/o Comentarios<\/b>: los datos recabados se utilizan para atender las comunicaciones recibidas y proporcionarles la correspondiente respuesta.<\/br><\/br>\n\n<b class=\"desc\">Contacto<\/b>: los datos recibidos por cualquiera de los medios y\/o canales de contacto indicados en el sitio web, se utilizan para contactar y\/o gestionar la solicitud o incidencia comunicada.<\/br><\/br>\n\nLos clientes consienten el tratamiento de sus datos en los t\u00e9rminos anteriormente indicados mediante la aceptaci\u00f3n de la presente Pol\u00edtica de Privacidad al registrarse como cliente de <strong class=\"desc\">fnzambra[dot]com<\/strong>, o al enviar informaci\u00f3n o utilizar cualquiera de los medios de contacto previstos en el sitio web <a href=\"https:\/\/www.fnzambra.com\/cl\" target=\"_blank\" rel=\"noopener\">www.fnzambra.com<\/a>, o al contratar el servicio espec\u00edfico que exija dicho tratamiento de conformidad con las Condiciones Generales de Contrataci\u00f3n del servicio que corresponda.<\/br><\/br>\n\nLos clientes deben abstenerse de proporcionar <b class=\"desc\">datos de car\u00e1cter personal de otros interesados<\/b>, salvo que dispongan de la pertinente autorizaci\u00f3n, seg\u00fan la cual dichos interesados habr\u00e1n sido previa y debidamente informados sobre el contenido de la presente Pol\u00edtica de Privacidad y, en concreto, que consienten que sus datos sean facilitados a <strong class=\"desc\">fnzambra[dot]com<\/strong> para ser tratados conforme a las finalidades que correspondan, as\u00ed como que pueden ejercitar los derechos de acceso, rectificaci\u00f3n, cancelaci\u00f3n y oposici\u00f3n (en adelante, denominados conjuntamente ARCO) en los t\u00e9rminos descritos en esta misma Pol\u00edtica.<\/br><\/br>\n\nEn cualquier caso, <strong class=\"desc\">fnzambra[dot]com<\/strong> cancelar\u00e1 los datos registrados en cuanto hayan dejado de ser necesarios o pertinentes para la finalidad para la que se recabaron, pudiendo conservarlos \u2013debidamente bloqueados- durante el tiempo en que pueda exigirse alg\u00fan tipo de responsabilidad derivada de una relaci\u00f3n u obligaci\u00f3n jur\u00eddica o de la ejecuci\u00f3n de un contrato o de la aplicaci\u00f3n de medidas precontractuales solicitadas por el interesado.<\/br><\/br>\n\n<strong class=\"desc\">fnzambra[dot]com<\/strong> no cede datos a terceros, salvo que una Ley o una norma comunitaria dispongan lo contrario, o si es necesario para la prestaci\u00f3n del servicio contratado. En tal caso, \u00fanicamente comunica aquellos datos imprescindibles para gestionar la petici\u00f3n de los clientes y prestar los servicios contratados, de forma que la cesi\u00f3n responde a la libre y leg\u00edtima aceptaci\u00f3n de una relaci\u00f3n jur\u00eddica existente entre los interesados y <strong class=\"desc\">fnzambra[dot]com<\/strong>, cuyo desarrollo, cumplimiento y control implican necesariamente la conexi\u00f3n de los datos y que incluye la transmisi\u00f3n necesaria de los mismos.<\/br><\/br>\n\nEn caso que un usuario deje un comentario o interaccione socialmente con el sitio web de <strong class=\"desc\">fnzambra[dot]com<\/strong> o en las redes sociales en las que esta est\u00e1 presente, debe tener presente que sus datos ser\u00e1n publicados en el entorno en el que act\u00fae, es decir, estar\u00e1 autorizando expresamente la comunicaci\u00f3n de sus datos -asociados a la acci\u00f3n que realiza &#8211; al resto de usuarios que acceden al sitio web o red social.<\/br><\/br>\n\nEl consentimiento prestado, tanto para el tratamiento como para la cesi\u00f3n de los datos de los interesados, es\u00a0<b class=\"desc\">revocable<\/b> en cualquier momento comunic\u00e1ndolo a <strong class=\"desc\">fnzambra[dot]com<\/strong> en los t\u00e9rminos establecidos en esta Pol\u00edtica para el ejercicio de los derechos ARCO. Esta revocaci\u00f3n en ning\u00fan caso tendr\u00e1 car\u00e1cter retroactivo.<\/br><\/br>\n\nLos interesados pueden ejercitar sus <b class=\"desc\">derechos ARCO<\/b>, y revocar el consentimiento prestado para los tratamientos y\/o cesiones de sus datos, en cualquier momento solicit\u00e1ndolo por correo electr\u00f3nico dirigido a <a href=\"mailto:legal@fnzambra.com\">legal@fnzambra.com<\/a>\u00a0 En todo caso, deber\u00e1 acompa\u00f1arse la solicitud de una copia del documento oficial que acredite la identidad del titular de los datos.<\/br><\/br>\n\n<strong class=\"desc\">fnzambra[dot]com<\/strong> no trata datos de menores de edad en ning\u00fan caso, puesto que \u00fanicamente se permite el registro como usuario y la contrataci\u00f3n de servicios a trav\u00e9s del sitio web <a href=\"https:\/\/www.fnzambra.com\/cl\" target=\"_blank\" rel=\"noopener\">www.fnzambra.com<\/a> a personas mayores de edad con plena capacidad para actuar en el tr\u00e1fico jur\u00eddico.<\/br><\/br>\n\nNo se considera cesi\u00f3n de datos, el acceso y\/o tratamiento de datos de car\u00e1cter personal que sean responsabilidad de los clientes de <strong class=\"desc\">fnzambra[dot]com<\/strong> cuando estos resulten necesarios para la adecuada prestaci\u00f3n de los servicios que estos han contratado. En tales casos, <strong class=\"desc\">fnzambra[dot]com<\/strong> tendr\u00e1 la condici\u00f3n de encargado del tratamiento de conformidad con la normativa vigente en materia de protecci\u00f3n de datos.<\/br><\/br>\n\nEl r\u00e9gimen de protecci\u00f3n de datos aplicable a estos tratamientos se regula tanto en la presente Pol\u00edtica, como en las Condiciones Generales de Contrataci\u00f3n del Servicio correspondiente y en las Condiciones Particulares que configuran el pedido o solicitud final (denominadas en su conjunto, Contrato Principal).<\/br><\/br>\n\nEl cliente que contrate el servicio (en adelante, persona Contratante), o en su caso la tercera entidad que decida sobre la finalidad, contendido, uso y tratamiento de los datos personales, son los \u00fanicos responsables de los datos que alojan en los servicios de <strong class=\"desc\">fnzambra[dot]com<\/strong>.<\/br><\/br>\n\n<strong class=\"desc\">fnzambra[dot]com<\/strong> trata la informaci\u00f3n alojada en sus servicios exclusivamente por cuenta de la persona Contratante en los t\u00e9rminos y condiciones estipulados en el Contrato Principal.<\/br><\/br>\n\nLa persona Contratante, o la tercera entidad a la que esta le est\u00e9 prestando un servicio tratando datos de los que aquella es responsable, manifiestan que son titulares de archivos que contienen datos de car\u00e1cter personal recabados legalmente y que, en virtud de los servicios contratados a fnzambra[dot]com, autoriza su tratamiento, en la medida que sea necesario para la prestaci\u00f3n de los mismos.<\/br><\/br>\n\nEn aquellos casos en que, <strong class=\"desc\">fnzambra[dot]com<\/strong> pudiera tener acceso a los datos, se compromete a no aplicar, utilizar, o revelar los datos tratados con fines distintos a los que se derivan del Contrato Principal. <strong class=\"desc\">fnzambra[dot]com<\/strong> \u00fanicamente tratar\u00e1 los datos contenidos en sus servicios para ejecutar los servicios contratados por cuenta de la persona Contratante en atenci\u00f3n a las instrucciones que le indique y, en ning\u00fan caso, los utilizar\u00e1 para finalidades distintas a las acordadas en el Contrato Principal.<\/br><\/br>\n\n<strong class=\"desc\">fnzambra[dot]com<\/strong> no comunicar\u00e1 ni permitir\u00e1 el acceso a los datos tratados a ning\u00fan tercero, ni siquiera para su conservaci\u00f3n, salvo que: en el Contrato Principal se establezca lo contrario, o la comunicaci\u00f3n sea necesaria para la prestaci\u00f3n de los servicios contratados o que la cesi\u00f3n venga impuesta por una norma con rango de Ley. En este sentido, la persona contratante autoriza expresamente a fnzambra[dot]com, al contratar cualquiera de los servicios disponibles en el sitio web <a href=\"https:\/\/www.fnzambra.com\/cl\" target=\"_blank\" rel=\"noopener\">www.fnzambra.com<\/a>, a subcontratar cuantas entidades sea necesario para la correcta prestaci\u00f3n de los servicios detallados en el Contrato Principal. Las entidades as\u00ed subcontratadas tendr\u00e1n la condici\u00f3n de encargado del tratamiento, se ver\u00e1n sometidas a las mismas reglas de protecci\u00f3n de datos y confidencialidad que <strong class=\"desc\">fnzambra[dot]com<\/strong> y regular\u00e1n su relaci\u00f3n con <strong class=\"desc\">fnzambra[dot]com<\/strong> de conformidad con la normativa sobre protecci\u00f3n de datos. La identidad de estas entidades subcontratadas se publica en el sitio web <a href=\"https:\/\/www.fnzambra.com\/cl\" target=\"_blank\" rel=\"noopener\">www.fnzambra.com<\/a><\/br><\/br>\n\nEn caso que la persona Contratante act\u00fae en calidad de encargado del tratamiento de una tercera entidad responsable de los datos debe garantizar antes de contratar cualquier servicio que implique el tratamiento de esos datos, que cuenta con la autorizaci\u00f3n expresa de esta para proceder a la subcontrataci\u00f3n de los servicios que le hubiese encomendado y que coinciden con el objeto del Contrato Principal, asimismo asegura que la relaci\u00f3n con la tercera entidad responsable de los datos se encuentra jur\u00eddicamente regulada conforme a las exigencias de la normativa vigente en materia de protecci\u00f3n de datos con anterioridad a la contrataci\u00f3n del servicio a trav\u00e9s de fnzambra[dot]com. En caso contrario, deber\u00e1 abstenerse de subcontratar con <strong class=\"desc\">fnzambra[dot]com<\/strong> y si incumple esta prohibici\u00f3n ser\u00e1 responsable y asumir\u00e1 cualquier sanci\u00f3n que se imponga a la misma como consecuencia de esta ausencia de legitimaci\u00f3n.<\/br><\/br>\n\n<strong class=\"desc\">fnzambra[dot]com<\/strong> declina cualquier responsabilidad sobre la vulneraci\u00f3n de los sistemas de seguridad de la persona Contratante o la inviolabilidad de la informaci\u00f3n cuando se transporta a trav\u00e9s de cualquier red de comunicaciones. <strong class=\"desc\">fnzambra[dot]com<\/strong> tampoco responder\u00e1 de aquellas incidencias de seguridad que se produzcan como consecuencia de un ataque o acceso no autorizado a los sistemas de tal forma que resulte imposible detectarlo o impedirlo aun adopt\u00e1ndose las medidas necesarias seg\u00fan el estado de la tecnolog\u00eda actual, o bien de una falta de diligencia del cliente o persona Contratante en relaci\u00f3n a la guardia y custodia de sus claves de acceso y\/o datos personales.<\/br><\/br>\n\nLa persona Contratante reconoce que dichas medidas se ajustan al nivel de seguridad aplicable al tipo de informaci\u00f3n tratada como consecuencia de la prestaci\u00f3n del servicio que <strong class=\"desc\">fnzambra[dot]com<\/strong> realiza por cuenta de la persona Contratante, de conformidad con lo establecido en la normativa vigente en materia protecci\u00f3n de datos.<\/br><\/br>\n\nCorresponde, en exclusiva, a la persona Contratante valorar si las condiciones del Contrato Principal son adecuadas a sus necesidades y cumplen con los requerimientos legales a los que est\u00e1 obligado en calidad de Responsable del Archivo\/Tratamiento.<\/br><\/br>\n\n<strong class=\"desc\">fnzambra[dot]com<\/strong> conservar\u00e1 los datos de car\u00e1cter personal a los que haya tenido acceso en raz\u00f3n del servicio prestado, as\u00ed como cualquier soporte o documento en el que consten, durante el tiempo en que est\u00e9 vigente el Contrato Principal o mientras as\u00ed lo disponga una Ley.<\/br><\/br>\n\nFinalizado este, destruir\u00e1 los datos y cualesquiera soportes o documentos en que estos se incorporen, teniendo en cuenta las caracter\u00edsticas de los servicios contratados y los periodos de retenci\u00f3n estipulados, en su caso, en el Contrato Principal. No obstante, <strong class=\"desc\">fnzambra[dot]com<\/strong> podr\u00e1 conservar los datos e informaci\u00f3n tratada, debidamente bloqueados, en el caso que pudieran derivarse responsabilidades de su relaci\u00f3n con la persona Contratante. La destrucci\u00f3n de la informaci\u00f3n se realizar\u00e1 sin necesidad de emitir comunicaci\u00f3n formal o certificaci\u00f3n alguna en la que se manifieste que la misma ha sido llevada a cabo.<\/br><\/br>\n\n<strong class=\"desc\">fnzambra[dot]com<\/strong> se compromete a mantener el secreto profesional respecto de los datos a los que acceda en virtud del Contrato Principal, y al deber de guardarlos, obligaciones que subsistir\u00e1n a\u00fan despu\u00e9s de finalizar su relaci\u00f3n con la persona Contratante. El resto de obligaciones previstas en relaci\u00f3n al tratamiento de datos por cuenta de terceros, se extinguir\u00e1n en el momento en que los datos hayan sido borrados o eliminados del equipo de almacenamiento de datos o de alg\u00fan modo, destruidos o convertidos en inaccesibles.<\/br><\/br>\t\t\t\t\t\t<\/div>\n\t\t\t\t<\/div>\n\t\t\t\t<div class=\"elementor-element elementor-element-1d38484 elementor-widget elementor-widget-heading\" data-id=\"1d38484\" data-element_type=\"widget\" data-widget_type=\"heading.default\">\n\t\t\t\t<div class=\"elementor-widget-container\">\n\t\t\t<h2 class=\"elementor-heading-title elementor-size-default\">Revisiones a esta pol\u00edtica<\/h2>\t\t<\/div>\n\t\t\t\t<\/div>\n\t\t\t\t<div class=\"elementor-element elementor-element-b1b9e39 elementor-widget elementor-widget-text-editor\" data-id=\"b1b9e39\" data-element_type=\"widget\" data-widget_type=\"text-editor.default\">\n\t\t\t\t<div class=\"elementor-widget-container\">\n\t\t\t\t\t\t\tEsta Pol\u00edtica est\u00e1 vigente a partir de la \u00daltima Modificaci\u00f3n establecida anteriormente. Nos reservamos el derecho de revisar, enmendar o modificar esta Pol\u00edtica y nuestras otras pol\u00edticas y acuerdos en cualquier momento y de cualquier manera. Publicaremos cualquier actualizaci\u00f3n de esta Pol\u00edtica en nuestro sitio.<\/br><\/br>\n\nDebe verificar peri\u00f3dicamente cualquier modificaci\u00f3n de esta Pol\u00edtica volviendo a visitar esta p\u00e1gina web. Si realizamos alg\u00fan cambio en esta Pol\u00edtica que afecte materialmente nuestras pr\u00e1cticas con respecto a la informaci\u00f3n personal que hemos recopilado previamente de usted, nos esforzaremos por notificarle antes de dicho cambio destacando el cambio en nuestro sitio.<\/br><\/br>\n\nUltima Modificaci\u00f3n Julio 2022, Santiago Chile.<\/br><\/br>\t\t\t\t\t\t<\/div>\n\t\t\t\t<\/div>\n\t\t\t\t<div class=\"elementor-element elementor-element-ad522d3 elementor-widget elementor-widget-spacer\" data-id=\"ad522d3\" data-element_type=\"widget\" data-widget_type=\"spacer.default\">\n\t\t\t\t<div class=\"elementor-widget-container\">\n\t\t\t\t\t<div class=\"elementor-spacer\">\n\t\t\t<div class=\"elementor-spacer-inner\"><\/div>\n\t\t<\/div>\n\t\t\t\t<\/div>\n\t\t\t\t<\/div>\n\t\t\t\t\t<\/div>\n\t\t<\/div>\n\t\t\t\t<div class=\"elementor-column elementor-col-33 elementor-top-column elementor-element elementor-element-9a07d4d\" data-id=\"9a07d4d\" data-element_type=\"column\">\n\t\t\t<div class=\"elementor-widget-wrap\">\n\t\t\t\t\t\t\t<\/div>\n\t\t<\/div>\n\t\t\t\t\t<\/div>\n\t\t<\/section>\n\t\t\t\t<\/div>\n\t\t","protected":false},"excerpt":{"rendered":"<p>Pol\u00edtica de Privacidad Tu privacidad es muy importante. Por eso se a desarrollado una Pol\u00edtica de Privacidad que describe c\u00f3mo se recopilan, utilizan, revelan, transfieren y almacenan tus datos. La presente Pol\u00edtica de Privacidad regula tanto el tratamiento de datos de car\u00e1cter personal que fnzambra[dot]com realiza en calidad de responsable del tratamiento, como el r\u00e9gimen [&hellip;]<\/p>\n","protected":false},"author":1,"featured_media":0,"parent":0,"menu_order":9,"comment_status":"closed","ping_status":"closed","template":"","meta":{"rank_math_lock_modified_date":false,"footnotes":""},"class_list":["post-3","page","type-page","status-publish","hentry"],"_links":{"self":[{"href":"https:\/\/www.fnzambra.com\/cl\/wp-json\/wp\/v2\/pages\/3"}],"collection":[{"href":"https:\/\/www.fnzambra.com\/cl\/wp-json\/wp\/v2\/pages"}],"about":[{"href":"https:\/\/www.fnzambra.com\/cl\/wp-json\/wp\/v2\/types\/page"}],"author":[{"embeddable":true,"href":"https:\/\/www.fnzambra.com\/cl\/wp-json\/wp\/v2\/users\/1"}],"replies":[{"embeddable":true,"href":"https:\/\/www.fnzambra.com\/cl\/wp-json\/wp\/v2\/comments?post=3"}],"version-history":[{"count":0,"href":"https:\/\/www.fnzambra.com\/cl\/wp-json\/wp\/v2\/pages\/3\/revisions"}],"wp:attachment":[{"href":"https:\/\/www.fnzambra.com\/cl\/wp-json\/wp\/v2\/media?parent=3"}],"curies":[{"name":"wp","href":"https:\/\/api.w.org\/{rel}","templated":true}]}}