{"id":11,"date":"2022-07-07T20:08:35","date_gmt":"2022-07-08T00:08:35","guid":{"rendered":"https:\/\/fnzambra.com\/cl\/?page_id=11"},"modified":"2023-04-11T20:27:48","modified_gmt":"2023-04-12T00:27:48","slug":"ventas-y-reembolsos","status":"publish","type":"page","link":"https:\/\/www.fnzambra.com\/cl\/ventas-y-reembolsos\/","title":{"rendered":"Ventas y reembolsos"},"content":{"rendered":"\t\t<div data-elementor-type=\"wp-page\" data-elementor-id=\"11\" class=\"elementor elementor-11\" data-elementor-post-type=\"page\">\n\t\t\t\t\t\t<section class=\"elementor-section elementor-top-section elementor-element elementor-element-390fc39 elementor-section-boxed elementor-section-height-default elementor-section-height-default\" data-id=\"390fc39\" data-element_type=\"section\" data-settings=\"{&quot;jet_parallax_layout_list&quot;:[]}\">\n\t\t\t\t\t\t<div class=\"elementor-container elementor-column-gap-default\">\n\t\t\t\t\t<div class=\"elementor-column elementor-col-33 elementor-top-column elementor-element elementor-element-b0c5dc6\" data-id=\"b0c5dc6\" data-element_type=\"column\">\n\t\t\t<div class=\"elementor-widget-wrap\">\n\t\t\t\t\t\t\t<\/div>\n\t\t<\/div>\n\t\t\t\t<div class=\"elementor-column elementor-col-33 elementor-top-column elementor-element elementor-element-4ac7638\" data-id=\"4ac7638\" data-element_type=\"column\">\n\t\t\t<div class=\"elementor-widget-wrap elementor-element-populated\">\n\t\t\t\t\t\t<div class=\"elementor-element elementor-element-02219df elementor-widget elementor-widget-spacer\" data-id=\"02219df\" data-element_type=\"widget\" data-widget_type=\"spacer.default\">\n\t\t\t\t<div class=\"elementor-widget-container\">\n\t\t\t\t\t<div class=\"elementor-spacer\">\n\t\t\t<div class=\"elementor-spacer-inner\"><\/div>\n\t\t<\/div>\n\t\t\t\t<\/div>\n\t\t\t\t<\/div>\n\t\t\t\t<div class=\"elementor-element elementor-element-f8354f6 elementor-widget elementor-widget-heading\" data-id=\"f8354f6\" data-element_type=\"widget\" data-widget_type=\"heading.default\">\n\t\t\t\t<div class=\"elementor-widget-container\">\n\t\t\t<h1 class=\"elementor-heading-title elementor-size-default\">Pol\u00edtica de Venta y Reembolsos<\/h1>\t\t<\/div>\n\t\t\t\t<\/div>\n\t\t\t\t<div class=\"elementor-element elementor-element-5a0f254 elementor-widget elementor-widget-spacer\" data-id=\"5a0f254\" data-element_type=\"widget\" data-widget_type=\"spacer.default\">\n\t\t\t\t<div class=\"elementor-widget-container\">\n\t\t\t\t\t<div class=\"elementor-spacer\">\n\t\t\t<div class=\"elementor-spacer-inner\"><\/div>\n\t\t<\/div>\n\t\t\t\t<\/div>\n\t\t\t\t<\/div>\n\t\t\t\t<div class=\"elementor-element elementor-element-0e72709 elementor-widget-divider--view-line elementor-widget elementor-widget-divider\" data-id=\"0e72709\" data-element_type=\"widget\" data-widget_type=\"divider.default\">\n\t\t\t\t<div class=\"elementor-widget-container\">\n\t\t\t\t\t<div class=\"elementor-divider\">\n\t\t\t<span class=\"elementor-divider-separator\">\n\t\t\t\t\t\t<\/span>\n\t\t<\/div>\n\t\t\t\t<\/div>\n\t\t\t\t<\/div>\n\t\t\t\t<div class=\"elementor-element elementor-element-18ac457 elementor-widget elementor-widget-heading\" data-id=\"18ac457\" data-element_type=\"widget\" data-widget_type=\"heading.default\">\n\t\t\t\t<div class=\"elementor-widget-container\">\n\t\t\t<h4 class=\"elementor-heading-title elementor-size-default\">Pol\u00edtica de Ventas y Reembolsos - Chile<\/h4>\t\t<\/div>\n\t\t\t\t<\/div>\n\t\t\t\t<div class=\"elementor-element elementor-element-5d4faf5 elementor-widget elementor-widget-text-editor\" data-id=\"5d4faf5\" data-element_type=\"widget\" data-widget_type=\"text-editor.default\">\n\t\t\t\t<div class=\"elementor-widget-container\">\n\t\t\t\t\t\t\tGracias por contratar sus servicios de SEO y\/o SEM con nosotros. Agradecemos tu confianza en nuestro trabajo profesional y dedicado 100% en nuestros clientes. Queremos asegurarnos de que tengas una experiencia gratificante mientras est\u00e1s explorando, evaluando y contratando nuestros servicios, a trav\u00e9s de nuestro sitio web.<\/br><\/br>\n\nAl igual que con cualquier experiencia de compra en internet, existen t\u00e9rminos y condiciones que aplican para las transacciones en nuestro sitio web. Seremos tan breves y claros como nos lo permitan nuestros abogados. Lo m\u00e1s importante que hay que recordar es que al contratar uno o varios de nuestros servicios est\u00e1s aceptando los <a href=\"https:\/\/fnzambra.com\/cl\/toc\/\" target=\"_blank\" rel=\"nofollow noopener\">t\u00e9rminos y condiciones<\/a> establecidos a continuaci\u00f3n, junto con la <a href=\"https:\/\/fnzambra.com\/cl\/politica-privacidad\/\" target=\"_blank\" rel=\"nofollow noopener\">Pol\u00edtica de privacidad<\/a> y el <a href=\"https:\/\/fnzambra.com\/cl\/uso-de-cookies\/\" target=\"_blank\" rel=\"nofollow noopener\">Uso de cookies.<\/a><\/br><\/br>\n\n\t\t\t\t\t\t<\/div>\n\t\t\t\t<\/div>\n\t\t\t\t<div class=\"elementor-element elementor-element-d6eebcc elementor-widget elementor-widget-heading\" data-id=\"d6eebcc\" data-element_type=\"widget\" data-widget_type=\"heading.default\">\n\t\t\t\t<div class=\"elementor-widget-container\">\n\t\t\t<h4 class=\"elementor-heading-title elementor-size-default\">Pol\u00edticas de Devoluci\u00f3n<\/h4>\t\t<\/div>\n\t\t\t\t<\/div>\n\t\t\t\t<div class=\"elementor-element elementor-element-5f445e9 elementor-widget elementor-widget-text-editor\" data-id=\"5f445e9\" data-element_type=\"widget\" data-widget_type=\"text-editor.default\">\n\t\t\t\t<div class=\"elementor-widget-container\">\n\t\t\t\t\t\t\t<p>Sinceramente creemos que esto nunca pasara, ya que nuestros servicios se adaptan a las necesidades reales de cada uno de nuestros clientes. Sin embargo, entendemos que a veces hay circunstancias ajenas a uno y no puedes seguir disfrutando nuestros servicios, es por esto que te invitamos a que revises los siguientes t\u00e9rminos relacionados con la cancelaci\u00f3n de nuestros servicios.<\/p>\n\nSi producto de lo anterior necesitas dar por terminado con anticipaci\u00f3n nuestros servicios se debe realizar un proceso de anulaci\u00f3n de su servicio que conlleva anular la boleta de honorarios que recibi\u00f3 y se generara una nueva boleta de honorarios descontando de lo pagado el tiempo transcurrido mas un recargo de 2 meses de penalizaci\u00f3n por cancelaci\u00f3n de servicios anticipados, ademas si su servicio incluye campa\u00f1as de Marketing Digital (SEM) la inversi\u00f3n en la plataforma de publicidad tampoco puede ser devuelta ya que esta fue pagada a Google y\/o Meta.<\/br><\/br>\n\nToda devoluci\u00f3n de dinero se realizara de la misma forma como fue cancelada en un plazo de 15 d\u00edas h\u00e1biles desde la solicitud de devoluci\u00f3n.<\/br><\/br>\t\t\t\t\t\t<\/div>\n\t\t\t\t<\/div>\n\t\t\t\t<div class=\"elementor-element elementor-element-e3e0f4a elementor-widget elementor-widget-heading\" data-id=\"e3e0f4a\" data-element_type=\"widget\" data-widget_type=\"heading.default\">\n\t\t\t\t<div class=\"elementor-widget-container\">\n\t\t\t<h4 class=\"elementor-heading-title elementor-size-default\">Contrataci\u00f3n exclusiva para Chile<\/h4>\t\t<\/div>\n\t\t\t\t<\/div>\n\t\t\t\t<div class=\"elementor-element elementor-element-8cb41fe elementor-widget elementor-widget-text-editor\" data-id=\"8cb41fe\" data-element_type=\"widget\" data-widget_type=\"text-editor.default\">\n\t\t\t\t<div class=\"elementor-widget-container\">\n\t\t\t\t\t\t\tTodos los servicios contratados a\u00a0<a href=\"https:\/\/fnzambra.com\/cl\/\" target=\"_blank\" rel=\"nofollow noopener\">fnzambra[dot]com | Chile<\/a> pueden realizarse \u00fanicamente a dentro del territorio nacional y est\u00e1n sujetos a leyes y regulaciones chilenas. Los clientes de otros paises que deseean contratar alguno de nuestros servicios pueden hacerlo a trav\u00e9s de nuestro sitio global <a href=\"https:\/\/www.fnzambra.com\/\" target=\"_blank\" rel=\"nofollow\">fnzambra[dot]com<\/a> el cual ciuenta con plataforma de pago para clientes internacionales.\t\t\t\t\t\t<\/div>\n\t\t\t\t<\/div>\n\t\t\t\t<div class=\"elementor-element elementor-element-5a50805 elementor-widget elementor-widget-heading\" data-id=\"5a50805\" data-element_type=\"widget\" data-widget_type=\"heading.default\">\n\t\t\t\t<div class=\"elementor-widget-container\">\n\t\t\t<h4 class=\"elementor-heading-title elementor-size-default\">Disponibilidad de Servicios y Limitaciones<\/h4>\t\t<\/div>\n\t\t\t\t<\/div>\n\t\t\t\t<div class=\"elementor-element elementor-element-c9f1be9 elementor-widget elementor-widget-text-editor\" data-id=\"c9f1be9\" data-element_type=\"widget\" data-widget_type=\"text-editor.default\">\n\t\t\t\t<div class=\"elementor-widget-container\">\n\t\t\t\t\t\t\t<p>Debido a que siempre entregamos el m\u00e1s completo y profesional servicio a nuestros clientes, nuestra capacidad se encuentra limitada al tiempos que le dedicamos a cada uno de ellos, es por esto que en algunas circunstancias alguno de nuestros servicios puede estar deshabilitado para su contrataci\u00f3n.<br \/><br \/><\/p>\n<p>Te aseguramos que los estamos constantemente capacit\u00e1ndonos y mejorando para entregar siempre el mejor servicio a cada uno de ustedes. En el caso de que no podamos realizar el servicio contratado, fnzambra[dot]com cancelar\u00e1 el pedido y te reembolsar\u00e1 el precio pagado en su totalidad.<\/p>\t\t\t\t\t\t<\/div>\n\t\t\t\t<\/div>\n\t\t\t\t<div class=\"elementor-element elementor-element-6edd84f elementor-widget elementor-widget-spacer\" data-id=\"6edd84f\" data-element_type=\"widget\" data-widget_type=\"spacer.default\">\n\t\t\t\t<div class=\"elementor-widget-container\">\n\t\t\t\t\t<div class=\"elementor-spacer\">\n\t\t\t<div class=\"elementor-spacer-inner\"><\/div>\n\t\t<\/div>\n\t\t\t\t<\/div>\n\t\t\t\t<\/div>\n\t\t\t\t\t<\/div>\n\t\t<\/div>\n\t\t\t\t<div class=\"elementor-column elementor-col-33 elementor-top-column elementor-element elementor-element-7ad0b49\" data-id=\"7ad0b49\" data-element_type=\"column\">\n\t\t\t<div class=\"elementor-widget-wrap\">\n\t\t\t\t\t\t\t<\/div>\n\t\t<\/div>\n\t\t\t\t\t<\/div>\n\t\t<\/section>\n\t\t\t\t<\/div>\n\t\t","protected":false},"excerpt":{"rendered":"<p>Pol\u00edtica de Venta y Reembolsos Pol\u00edtica de Ventas y Reembolsos &#8211; Chile Gracias por contratar sus servicios de SEO y\/o SEM con nosotros. Agradecemos tu confianza en nuestro trabajo profesional y dedicado 100% en nuestros clientes. Queremos asegurarnos de que tengas una experiencia gratificante mientras est\u00e1s explorando, evaluando y contratando nuestros servicios, a trav\u00e9s de [&hellip;]<\/p>\n","protected":false},"author":1,"featured_media":0,"parent":0,"menu_order":11,"comment_status":"closed","ping_status":"closed","template":"","meta":{"rank_math_lock_modified_date":false,"footnotes":""},"class_list":["post-11","page","type-page","status-publish","hentry"],"_links":{"self":[{"href":"https:\/\/www.fnzambra.com\/cl\/wp-json\/wp\/v2\/pages\/11"}],"collection":[{"href":"https:\/\/www.fnzambra.com\/cl\/wp-json\/wp\/v2\/pages"}],"about":[{"href":"https:\/\/www.fnzambra.com\/cl\/wp-json\/wp\/v2\/types\/page"}],"author":[{"embeddable":true,"href":"https:\/\/www.fnzambra.com\/cl\/wp-json\/wp\/v2\/users\/1"}],"replies":[{"embeddable":true,"href":"https:\/\/www.fnzambra.com\/cl\/wp-json\/wp\/v2\/comments?post=11"}],"version-history":[{"count":0,"href":"https:\/\/www.fnzambra.com\/cl\/wp-json\/wp\/v2\/pages\/11\/revisions"}],"wp:attachment":[{"href":"https:\/\/www.fnzambra.com\/cl\/wp-json\/wp\/v2\/media?parent=11"}],"curies":[{"name":"wp","href":"https:\/\/api.w.org\/{rel}","templated":true}]}}