{"id":106,"date":"2022-07-10T19:01:25","date_gmt":"2022-07-10T23:01:25","guid":{"rendered":"https:\/\/fnzambra.com\/cl\/?page_id=106"},"modified":"2023-04-10T15:54:07","modified_gmt":"2023-04-10T19:54:07","slug":"uso-de-cookies","status":"publish","type":"page","link":"https:\/\/www.fnzambra.com\/cl\/uso-de-cookies\/","title":{"rendered":"Uso de cookies"},"content":{"rendered":"\t\t<div data-elementor-type=\"wp-page\" data-elementor-id=\"106\" class=\"elementor elementor-106\" data-elementor-post-type=\"page\">\n\t\t\t\t\t\t<section class=\"elementor-section elementor-top-section elementor-element elementor-element-9dc929e elementor-section-boxed elementor-section-height-default elementor-section-height-default\" data-id=\"9dc929e\" data-element_type=\"section\" data-settings=\"{&quot;jet_parallax_layout_list&quot;:[]}\">\n\t\t\t\t\t\t<div class=\"elementor-container elementor-column-gap-default\">\n\t\t\t\t\t<div class=\"elementor-column elementor-col-33 elementor-top-column elementor-element elementor-element-bce180c\" data-id=\"bce180c\" data-element_type=\"column\">\n\t\t\t<div class=\"elementor-widget-wrap\">\n\t\t\t\t\t\t\t<\/div>\n\t\t<\/div>\n\t\t\t\t<div class=\"elementor-column elementor-col-33 elementor-top-column elementor-element elementor-element-44a2bcd\" data-id=\"44a2bcd\" data-element_type=\"column\">\n\t\t\t<div class=\"elementor-widget-wrap elementor-element-populated\">\n\t\t\t\t\t\t<div class=\"elementor-element elementor-element-39d5455 elementor-widget elementor-widget-spacer\" data-id=\"39d5455\" data-element_type=\"widget\" data-widget_type=\"spacer.default\">\n\t\t\t\t<div class=\"elementor-widget-container\">\n\t\t\t\t\t<div class=\"elementor-spacer\">\n\t\t\t<div class=\"elementor-spacer-inner\"><\/div>\n\t\t<\/div>\n\t\t\t\t<\/div>\n\t\t\t\t<\/div>\n\t\t\t\t<div class=\"elementor-element elementor-element-0d843b7 elementor-widget elementor-widget-heading\" data-id=\"0d843b7\" data-element_type=\"widget\" data-widget_type=\"heading.default\">\n\t\t\t\t<div class=\"elementor-widget-container\">\n\t\t\t<h1 class=\"elementor-heading-title elementor-size-default\">Uso de cookies por parte de fnzambra[dot]com<\/h1>\t\t<\/div>\n\t\t\t\t<\/div>\n\t\t\t\t<div class=\"elementor-element elementor-element-9632c77 elementor-widget elementor-widget-spacer\" data-id=\"9632c77\" data-element_type=\"widget\" data-widget_type=\"spacer.default\">\n\t\t\t\t<div class=\"elementor-widget-container\">\n\t\t\t\t\t<div class=\"elementor-spacer\">\n\t\t\t<div class=\"elementor-spacer-inner\"><\/div>\n\t\t<\/div>\n\t\t\t\t<\/div>\n\t\t\t\t<\/div>\n\t\t\t\t<div class=\"elementor-element elementor-element-4ed6db2 elementor-widget elementor-widget-text-editor\" data-id=\"4ed6db2\" data-element_type=\"widget\" data-widget_type=\"text-editor.default\">\n\t\t\t\t<div class=\"elementor-widget-container\">\n\t\t\t\t\t\t\t<a href=\"https:\/\/www.fnzambra.com\/new\" target=\"_blank\" rel=\"noopener\">fnzambra[dot]com<\/a> (en lo sucesivo, \u00ab<a href=\"https:\/\/www.fnzambra.com\/new\" target=\"_blank\" rel=\"noopener\">fnzambra.com<\/a>\u00ab) opera el sitio web <a href=\"https:\/\/www.fnzambra.com\/new\" target=\"_blank\" rel=\"noopener\">www.fnzambra.com<\/a> (\u00abSitio web\u00bb). Esta pol\u00edtica de cookies se aplica al sitio web principal como a todos los sub-dominios.\t\t\t\t\t\t<\/div>\n\t\t\t\t<\/div>\n\t\t\t\t<div class=\"elementor-element elementor-element-513b5db elementor-widget elementor-widget-heading\" data-id=\"513b5db\" data-element_type=\"widget\" data-widget_type=\"heading.default\">\n\t\t\t\t<div class=\"elementor-widget-container\">\n\t\t\t<h2 class=\"elementor-heading-title elementor-size-default\">Uso de Cookies<\/h2>\t\t<\/div>\n\t\t\t\t<\/div>\n\t\t\t\t<div class=\"elementor-element elementor-element-e6d69ae elementor-widget elementor-widget-text-editor\" data-id=\"e6d69ae\" data-element_type=\"widget\" data-widget_type=\"text-editor.default\">\n\t\t\t\t<div class=\"elementor-widget-container\">\n\t\t\t\t\t\t\tEl sitio web utiliza tecnolog\u00edas que mejoran la facilidad de uso y la participaci\u00f3n del usuario, para que el sitio web funcione de la manera m\u00e1s fluida posible y para proporcionar servicios y funcionalidades web para cada visitante.\u00a0Ejemplos de estas tecnolog\u00edas son las cookies, las etiquetas de p\u00edxeles, el almacenamiento local y los scripts (en lo sucesivo denominados colectivamente \u00abcookies\u00bb).\n\nLas cookies se utilizan para una variedad de prop\u00f3sitos.\u00a0Por ejemplo, calculan estad\u00edsticas web, proporcionan publicidad en l\u00ednea y mejoran la experiencia de los visitantes en el sitio web.\u00a0Como su privacidad es muy importante<span style=\"color: var( --e-global-color-text ); font-family: var( --e-global-typography-text-font-family ), Sans-serif; font-weight: var( --e-global-typography-text-font-weight );\">, me gustar\u00eda informarle sobre qu\u00e9 cookies se utilizan en el sitio web, as\u00ed como para qu\u00e9 se utilizan.<\/span>\n\nPodemos utilizar las siguientes cookies en nuestro sitio web:\n<ul><\/br>\n \t<li><b class=\"desc\">Cookies funcionales<\/b>\u00a0: estas cookies son esenciales para garantizar que el sitio web funcione correctamente.\u00a0Se utilizan para guardar preferencias, detectar el uso indebido de nuestro sitio web y servicios y para distribuir la carga de los servidores, lo que mantiene el sitio web disponible.\u00a0Ciertos servicios que puede solicitar no se pueden proporcionar sin estas cookies.<\/li>\n<\/ul><\/br>\n<div><\/div>\n<ul>\n \t<li><b class=\"desc\">Cookies de estad\u00edsticas web<\/b>&#8211; estas cookies se utilizan para determinar qu\u00e9 partes de nuestro sitio web le interesan a ustedes los visitantes. Esto permite hacer que la estructura, la navegaci\u00f3n y el contenido del sitio web sean lo m\u00e1s f\u00e1cil de usar posible. Estas cookies se utilizan para (i) realizar un seguimiento del n\u00famero de visitantes a nuestras p\u00e1ginas web; (ii) realizar un seguimiento de la cantidad de tiempo que cada usuario pasa en nuestras p\u00e1ginas web; (iii) determinar el orden en el que un visitante visita las distintas p\u00e1ginas de nuestro sitio web; (iv) evaluar qu\u00e9 partes del sitio web deben cambiarse; y (v) optimizar el sitio web. [El software de terceros (Google Analytics) se puede utilizar para estos fines. La informaci\u00f3n generada por el uso de Google Analytics puede transmitirse y almacenarse en un servidor de Google en los EE. UU. Debido a la anonimizaci\u00f3n de la direcci\u00f3n IP activada en el sitio web, Google enmascarar\u00e1 su direcci\u00f3n IP antes de recopilarla.]<\/li>\n<\/ul>\n<div><\/div><\/br>\n<ul>\n \t<li><b class=\"desc\">Cookies de redes sociales<\/b>\u00a0: nuestro sitio web puede integrar ciertos complementos de terceros (como un bot\u00f3n \u00abMe gusta\u00bb de Facebook).\u00a0Incluso si no hace clic en estos complementos, pueden recopilar informaci\u00f3n sobre usted, como su direcci\u00f3n IP y las p\u00e1ginas que visita.\u00a0Estos complementos se rigen por la pol\u00edtica de privacidad del tercero que los proporciona.<\/li>\n<\/ul>\n<div><\/div><\/br>\n<ul>\n \t<li><b class=\"desc\">Otras cookies<\/b>\u00a0: esta categor\u00eda incluye cookies que no encajan en una de las categor\u00edas de cookies anteriores.\u00a0Un ejemplo de esto es la agrupaci\u00f3n de varias cookies a trav\u00e9s de Google Tag Manager.<\/li>\n<\/ul>\n<div><\/div><\/br><\/br>\n<div>\u00a0 \u00a0 \u00a0 \u00a0 \u00a0 Ultima Modificaci\u00f3n Julio 2022, Santiago Chile.<\/div>\t\t\t\t\t\t<\/div>\n\t\t\t\t<\/div>\n\t\t\t\t<div class=\"elementor-element elementor-element-4b97947 elementor-widget elementor-widget-spacer\" data-id=\"4b97947\" data-element_type=\"widget\" data-widget_type=\"spacer.default\">\n\t\t\t\t<div class=\"elementor-widget-container\">\n\t\t\t\t\t<div class=\"elementor-spacer\">\n\t\t\t<div class=\"elementor-spacer-inner\"><\/div>\n\t\t<\/div>\n\t\t\t\t<\/div>\n\t\t\t\t<\/div>\n\t\t\t\t\t<\/div>\n\t\t<\/div>\n\t\t\t\t<div class=\"elementor-column elementor-col-33 elementor-top-column elementor-element elementor-element-7ba7871\" data-id=\"7ba7871\" data-element_type=\"column\">\n\t\t\t<div class=\"elementor-widget-wrap\">\n\t\t\t\t\t\t\t<\/div>\n\t\t<\/div>\n\t\t\t\t\t<\/div>\n\t\t<\/section>\n\t\t\t\t<\/div>\n\t\t","protected":false},"excerpt":{"rendered":"<p>Uso de cookies por parte de fnzambra[dot]com fnzambra[dot]com (en lo sucesivo, \u00abfnzambra.com\u00ab) opera el sitio web www.fnzambra.com (\u00abSitio web\u00bb). Esta pol\u00edtica de cookies se aplica al sitio web principal como a todos los sub-dominios. Uso de Cookies El sitio web utiliza tecnolog\u00edas que mejoran la facilidad de uso y la participaci\u00f3n del usuario, para que [&hellip;]<\/p>\n","protected":false},"author":1,"featured_media":0,"parent":0,"menu_order":10,"comment_status":"closed","ping_status":"closed","template":"","meta":{"rank_math_lock_modified_date":false,"footnotes":""},"class_list":["post-106","page","type-page","status-publish","hentry"],"_links":{"self":[{"href":"https:\/\/www.fnzambra.com\/cl\/wp-json\/wp\/v2\/pages\/106"}],"collection":[{"href":"https:\/\/www.fnzambra.com\/cl\/wp-json\/wp\/v2\/pages"}],"about":[{"href":"https:\/\/www.fnzambra.com\/cl\/wp-json\/wp\/v2\/types\/page"}],"author":[{"embeddable":true,"href":"https:\/\/www.fnzambra.com\/cl\/wp-json\/wp\/v2\/users\/1"}],"replies":[{"embeddable":true,"href":"https:\/\/www.fnzambra.com\/cl\/wp-json\/wp\/v2\/comments?post=106"}],"version-history":[{"count":0,"href":"https:\/\/www.fnzambra.com\/cl\/wp-json\/wp\/v2\/pages\/106\/revisions"}],"wp:attachment":[{"href":"https:\/\/www.fnzambra.com\/cl\/wp-json\/wp\/v2\/media?parent=106"}],"curies":[{"name":"wp","href":"https:\/\/api.w.org\/{rel}","templated":true}]}}