{"id":102,"date":"2022-07-10T19:00:26","date_gmt":"2022-07-10T23:00:26","guid":{"rendered":"https:\/\/fnzambra.com\/cl\/?page_id=102"},"modified":"2023-09-11T16:27:42","modified_gmt":"2023-09-11T19:27:42","slug":"terminos-y-condiciones","status":"publish","type":"page","link":"https:\/\/www.fnzambra.com\/cl\/toc\/","title":{"rendered":"Terminos y Condiciones"},"content":{"rendered":"\t\t<div data-elementor-type=\"wp-page\" data-elementor-id=\"102\" class=\"elementor elementor-102\" data-elementor-post-type=\"page\">\n\t\t\t\t\t\t<section class=\"elementor-section elementor-top-section elementor-element elementor-element-70748d1 elementor-section-boxed elementor-section-height-default elementor-section-height-default\" data-id=\"70748d1\" data-element_type=\"section\" data-settings=\"{&quot;jet_parallax_layout_list&quot;:[]}\">\n\t\t\t\t\t\t<div class=\"elementor-container elementor-column-gap-default\">\n\t\t\t\t\t<div class=\"elementor-column elementor-col-33 elementor-top-column elementor-element elementor-element-ae12664\" data-id=\"ae12664\" data-element_type=\"column\">\n\t\t\t<div class=\"elementor-widget-wrap\">\n\t\t\t\t\t\t\t<\/div>\n\t\t<\/div>\n\t\t\t\t<div class=\"elementor-column elementor-col-33 elementor-top-column elementor-element elementor-element-25745bf\" data-id=\"25745bf\" data-element_type=\"column\">\n\t\t\t<div class=\"elementor-widget-wrap elementor-element-populated\">\n\t\t\t\t\t\t<div class=\"elementor-element elementor-element-52d72fb elementor-widget elementor-widget-spacer\" data-id=\"52d72fb\" data-element_type=\"widget\" data-widget_type=\"spacer.default\">\n\t\t\t\t<div class=\"elementor-widget-container\">\n\t\t\t\t\t<div class=\"elementor-spacer\">\n\t\t\t<div class=\"elementor-spacer-inner\"><\/div>\n\t\t<\/div>\n\t\t\t\t<\/div>\n\t\t\t\t<\/div>\n\t\t\t\t<div class=\"elementor-element elementor-element-44dc826 elementor-widget elementor-widget-heading\" data-id=\"44dc826\" data-element_type=\"widget\" data-widget_type=\"heading.default\">\n\t\t\t\t<div class=\"elementor-widget-container\">\n\t\t\t<h1 class=\"elementor-heading-title elementor-size-default\">T\u00e9rminos y Condiciones de los Servicios de fnzambra[dot]com<\/h1>\t\t<\/div>\n\t\t\t\t<\/div>\n\t\t\t\t<div class=\"elementor-element elementor-element-57c01c8 elementor-widget elementor-widget-spacer\" data-id=\"57c01c8\" data-element_type=\"widget\" data-widget_type=\"spacer.default\">\n\t\t\t\t<div class=\"elementor-widget-container\">\n\t\t\t\t\t<div class=\"elementor-spacer\">\n\t\t\t<div class=\"elementor-spacer-inner\"><\/div>\n\t\t<\/div>\n\t\t\t\t<\/div>\n\t\t\t\t<\/div>\n\t\t\t\t<div class=\"elementor-element elementor-element-30a738e elementor-widget elementor-widget-text-editor\" data-id=\"30a738e\" data-element_type=\"widget\" data-widget_type=\"text-editor.default\">\n\t\t\t\t<div class=\"elementor-widget-container\">\n\t\t\t\t\t\t\tEstos t\u00e9rminos y condiciones crean un contrato entre usted y fnzambra[dot]com | Chile<\/br> (el \u201cAcuerdo\u201d). Lea el siguiente acuerdo detenidamente.\t\t\t\t\t\t<\/div>\n\t\t\t\t<\/div>\n\t\t\t\t<div class=\"elementor-element elementor-element-6c04fcf elementor-widget-divider--view-line elementor-widget elementor-widget-divider\" data-id=\"6c04fcf\" data-element_type=\"widget\" data-widget_type=\"divider.default\">\n\t\t\t\t<div class=\"elementor-widget-container\">\n\t\t\t\t\t<div class=\"elementor-divider\">\n\t\t\t<span class=\"elementor-divider-separator\">\n\t\t\t\t\t\t<\/span>\n\t\t<\/div>\n\t\t\t\t<\/div>\n\t\t\t\t<\/div>\n\t\t\t\t<div class=\"elementor-element elementor-element-4c46d2e elementor-widget elementor-widget-heading\" data-id=\"4c46d2e\" data-element_type=\"widget\" data-widget_type=\"heading.default\">\n\t\t\t\t<div class=\"elementor-widget-container\">\n\t\t\t<h4 class=\"elementor-heading-title elementor-size-default\">Introducci\u00f3n a nuestros servicios<\/h4>\t\t<\/div>\n\t\t\t\t<\/div>\n\t\t\t\t<div class=\"elementor-element elementor-element-0df5285 elementor-widget elementor-widget-text-editor\" data-id=\"0df5285\" data-element_type=\"widget\" data-widget_type=\"text-editor.default\">\n\t\t\t\t<div class=\"elementor-widget-container\">\n\t\t\t\t\t\t\tEste Acuerdo rige desde el d\u00eda de contrataci\u00f3n y pago hasta el mismo d\u00eda del a\u00f1o siguiente, salvo que el servicio se renueve por un periodo de un a\u00f1o m\u00e1s de forma continua.<\/br><\/br>\n\nNuestros Servicios est\u00e1n disponibles para su contrataci\u00f3n exclusiva de personas y empresas que residan en el territorio nacional (Chile).<\/br><\/br>\t\t\t\t\t\t<\/div>\n\t\t\t\t<\/div>\n\t\t\t\t<div class=\"elementor-element elementor-element-a5fdddc elementor-widget elementor-widget-heading\" data-id=\"a5fdddc\" data-element_type=\"widget\" data-widget_type=\"heading.default\">\n\t\t\t\t<div class=\"elementor-widget-container\">\n\t\t\t<h4 class=\"elementor-heading-title elementor-size-default\">Pol\u00edticas de Devoluci\u00f3n<\/h4>\t\t<\/div>\n\t\t\t\t<\/div>\n\t\t\t\t<div class=\"elementor-element elementor-element-9f47e46 elementor-widget elementor-widget-text-editor\" data-id=\"9f47e46\" data-element_type=\"widget\" data-widget_type=\"text-editor.default\">\n\t\t\t\t<div class=\"elementor-widget-container\">\n\t\t\t\t\t\t\t<p>Sinceramente creemos que esto nunca pasara, ya que nuestros servicios se adaptan a las necesidades reales de cada uno de nuestros clientes. Sin embargo, entendemos que a veces hay circunstancias ajenas a uno y no puedes seguir disfrutando nuestros servicios, es por esto que te invitamos a que revises los siguientes t\u00e9rminos relacionados con la cancelaci\u00f3n de nuestros servicios.<\/p>\n\nSi producto de lo anterior necesitas dar por terminado con anticipaci\u00f3n nuestros servicios se debe realizar un proceso de anulaci\u00f3n de su servicio que conlleva anular la boleta de honorarios que recibi\u00f3 y se generara una nueva boleta de honorarios descontando de lo pagado el tiempo transcurrido mas un recargo de 2 meses de penalizaci\u00f3n por cancelaci\u00f3n de servicios anticipados, ademas si su servicio incluye campa\u00f1as de Marketing Digital (SEM) la inversi\u00f3n en la plataforma de publicidad tampoco puede ser devuelta ya que esta fue pagada a Google y\/o Meta.<\/br><\/br>\n\nToda devoluci\u00f3n de dinero se realizara de la misma forma como fue cancelada en un plazo de 15 d\u00edas h\u00e1biles desde la solicitud de devoluci\u00f3n.<\/br><\/br>\t\t\t\t\t\t<\/div>\n\t\t\t\t<\/div>\n\t\t\t\t<div class=\"elementor-element elementor-element-b103ad1 elementor-widget elementor-widget-heading\" data-id=\"b103ad1\" data-element_type=\"widget\" data-widget_type=\"heading.default\">\n\t\t\t\t<div class=\"elementor-widget-container\">\n\t\t\t<h4 class=\"elementor-heading-title elementor-size-default\">Contrataci\u00f3n exclusiva para Chile<\/h4>\t\t<\/div>\n\t\t\t\t<\/div>\n\t\t\t\t<div class=\"elementor-element elementor-element-3943fa2 elementor-widget elementor-widget-text-editor\" data-id=\"3943fa2\" data-element_type=\"widget\" data-widget_type=\"text-editor.default\">\n\t\t\t\t<div class=\"elementor-widget-container\">\n\t\t\t\t\t\t\tTodos los servicios contratados a\u00a0<a href=\"https:\/\/fnzambra.com\/cl\/\" target=\"_blank\" rel=\"nofollow noopener\">fnzambra[dot]com | Chile<\/a> pueden realizarse \u00fanicamente a dentro del territorio nacional y est\u00e1n sujetos a leyes y regulaciones chilenas. Los clientes de otros paises que deseean contratar alguno de nuestros servicios pueden hacerlo a trav\u00e9s de nuestro sitio global <a href=\"https:\/\/www.fnzambra.com\/\" target=\"_blank\" rel=\"nofollow\">fnzambra[dot]com<\/a> el cual ciuenta con plataforma de pago para clientes internacionales.\t\t\t\t\t\t<\/div>\n\t\t\t\t<\/div>\n\t\t\t\t<div class=\"elementor-element elementor-element-8c88040 elementor-widget elementor-widget-heading\" data-id=\"8c88040\" data-element_type=\"widget\" data-widget_type=\"heading.default\">\n\t\t\t\t<div class=\"elementor-widget-container\">\n\t\t\t<h4 class=\"elementor-heading-title elementor-size-default\">Disponibilidad de Servicios y Limitaciones<\/h4>\t\t<\/div>\n\t\t\t\t<\/div>\n\t\t\t\t<div class=\"elementor-element elementor-element-0b9bef7 elementor-widget elementor-widget-text-editor\" data-id=\"0b9bef7\" data-element_type=\"widget\" data-widget_type=\"text-editor.default\">\n\t\t\t\t<div class=\"elementor-widget-container\">\n\t\t\t\t\t\t\t<p>Debido a que siempre entregamos el m\u00e1s completo y profesional servicio a nuestros clientes, nuestra capacidad se encuentra limitada al tiempos que le dedicamos a cada uno de ellos, es por esto que en algunas circunstancias alguno de nuestros servicios puede estar deshabilitado para su contrataci\u00f3n.<br \/><br \/><\/p>\n<p>Te aseguramos que los estamos constantemente capacit\u00e1ndonos y mejorando para entregar siempre el mejor servicio a cada uno de ustedes. En el caso de que no podamos realizar el servicio contratado, fnzambra[dot]com cancelar\u00e1 el pedido y te reembolsar\u00e1 el precio pagado en su totalidad.<\/p>\t\t\t\t\t\t<\/div>\n\t\t\t\t<\/div>\n\t\t\t\t<div class=\"elementor-element elementor-element-8e22761 elementor-widget elementor-widget-spacer\" data-id=\"8e22761\" data-element_type=\"widget\" data-widget_type=\"spacer.default\">\n\t\t\t\t<div class=\"elementor-widget-container\">\n\t\t\t\t\t<div class=\"elementor-spacer\">\n\t\t\t<div class=\"elementor-spacer-inner\"><\/div>\n\t\t<\/div>\n\t\t\t\t<\/div>\n\t\t\t\t<\/div>\n\t\t\t\t\t<\/div>\n\t\t<\/div>\n\t\t\t\t<div class=\"elementor-column elementor-col-33 elementor-top-column elementor-element elementor-element-a054244\" data-id=\"a054244\" data-element_type=\"column\">\n\t\t\t<div class=\"elementor-widget-wrap\">\n\t\t\t\t\t\t\t<\/div>\n\t\t<\/div>\n\t\t\t\t\t<\/div>\n\t\t<\/section>\n\t\t\t\t<\/div>\n\t\t","protected":false},"excerpt":{"rendered":"<p>T\u00e9rminos y Condiciones de los Servicios de fnzambra[dot]com Estos t\u00e9rminos y condiciones crean un contrato entre usted y fnzambra[dot]com | Chile (el \u201cAcuerdo\u201d). Lea el siguiente acuerdo detenidamente. Introducci\u00f3n a nuestros servicios Este Acuerdo rige desde el d\u00eda de contrataci\u00f3n y pago hasta el mismo d\u00eda del a\u00f1o siguiente, salvo que el servicio se renueve [&hellip;]<\/p>\n","protected":false},"author":1,"featured_media":0,"parent":0,"menu_order":12,"comment_status":"closed","ping_status":"closed","template":"","meta":{"rank_math_lock_modified_date":false,"footnotes":""},"class_list":["post-102","page","type-page","status-publish","hentry"],"_links":{"self":[{"href":"https:\/\/www.fnzambra.com\/cl\/wp-json\/wp\/v2\/pages\/102"}],"collection":[{"href":"https:\/\/www.fnzambra.com\/cl\/wp-json\/wp\/v2\/pages"}],"about":[{"href":"https:\/\/www.fnzambra.com\/cl\/wp-json\/wp\/v2\/types\/page"}],"author":[{"embeddable":true,"href":"https:\/\/www.fnzambra.com\/cl\/wp-json\/wp\/v2\/users\/1"}],"replies":[{"embeddable":true,"href":"https:\/\/www.fnzambra.com\/cl\/wp-json\/wp\/v2\/comments?post=102"}],"version-history":[{"count":0,"href":"https:\/\/www.fnzambra.com\/cl\/wp-json\/wp\/v2\/pages\/102\/revisions"}],"wp:attachment":[{"href":"https:\/\/www.fnzambra.com\/cl\/wp-json\/wp\/v2\/media?parent=102"}],"curies":[{"name":"wp","href":"https:\/\/api.w.org\/{rel}","templated":true}]}}